{"id":3812,"date":"2019-11-14T18:03:53","date_gmt":"2019-11-14T17:03:53","guid":{"rendered":"https:\/\/bozainteriorisme.com\/conocenos\/"},"modified":"2025-06-16T16:27:42","modified_gmt":"2025-06-16T14:27:42","slug":"coneix-nos","status":"publish","type":"page","link":"https:\/\/bozainteriorisme.com\/ca\/coneix-nos\/","title":{"rendered":"Coneix-nos"},"content":{"rendered":"<div class=\"wpb-content-wrapper\"><p>[vc_row gap=&#8221;20&#8243; css=&#8221;.vc_custom_1750069992183{margin-top: 0px !important;}&#8221;][vc_column width=&#8221;6\/12&#8243;]\r\n\r\n<div class=\"wd_empty_space\" data-heightmobile=\"10\" data-heighttablet=\"40\" data-heightdesktop=\"80\">\r\n\r\n<\/div>\r\n      \r\n\r\n\r\n\r\n        \r\n      \r\n    [vc_single_image image=&#8221;3542&#8243; img_size=&#8221;full&#8221;][\/vc_column][vc_column width=&#8221;6\/12&#8243; css=&#8221;.vc_custom_1576666182689{padding-right: 140px !important;padding-left: 15px !important;}&#8221;]<div class='wd_empty_space' data-heightmobile='' data-heighttablet='' data-heightdesktop=''><\/div>  <div class=\"wd-heading s-under-t text-left s-behind-t behind-about\"\r\n       style=\"; \">\r\n\t\t\r\n\t\t\t\r\n      <h2 style=\"\" data-text=\"Boza\">\r\n\t\t\tFusteria i ebenisteria a <span>mida<\/span>      <\/h2>\r\n\r\n\t\t\t\t\t\t        <p style=\"font-family:Open Sans;\" class=\"subtitle\">\r\n\t\t\t\tBoza        <\/p>\r\n\t\t\t\t\t\t\r\n\t\t    <\/div>\r\n\t\t<div class='wd_empty_space' data-heightmobile='' data-heighttablet='' data-heightdesktop=''><\/div>\r\n\r\n<div class=\"wd_empty_space\" data-heightmobile=\"10\" data-heighttablet=\"20\" data-heightdesktop=\"30\">\r\n\r\n<\/div>\r\n      \r\n\r\n\r\n\r\n        \r\n      \r\n    [vc_column_text]<\/p>\n<p style=\"text-align: justify;\">A <strong>BOZA INTERIORISME<\/strong> convertim la fusta en art. Amb m\u00e9s de 35 anys d&#8217;experi\u00e8ncia en fusteria i ebenisteria, som especialistes a dissenyar i fabricar mobles de fusta a mida, adaptats als espais i necessitats de cada client.<\/p>\n<p>La nostra filosofia es basa en l&#8217;atenci\u00f3 al detall, la precisi\u00f3 artesanal i un ferm comprom\u00eds amb la sostenibilitat. Convertim la fusta en peces \u00faniques, dissenyades per a transformar espais i aportar un toc exclusiu a llars i negocis. Fusionem el nostre excel\u00b7lent treball amb les \u00faltimes tend\u00e8ncies per a crear mobles de fusta a mida que combinen bellesa, funcionalitat i durabilitat.<\/p>\n<p>[\/vc_column_text]\r\n\r\n<div class=\"wd_empty_space\" data-heightmobile=\"10\" data-heighttablet=\"40\" data-heightdesktop=\"60\">\r\n\r\n<\/div>\r\n      \r\n\r\n\r\n\r\n        \r\n      \r\n    [\/vc_column][\/vc_row][vc_row full_width=&#8221;stretch_row&#8221; font_color=&#8221;#ffffff&#8221; css=&#8221;.vc_custom_1622228036638{margin-bottom: 0px !important;padding-top: 110px !important;padding-bottom: 130px !important;background-image: url(http:\/\/themes.webdevia.com\/flooring\/woodworking\/wp-content\/uploads\/sites\/3\/2021\/05\/numbers-bg-1.jpg?id=3370) !important;background-position: center !important;background-repeat: no-repeat !important;background-size: cover !important;}&#8221; el_class=&#8221;white&#8221;][vc_column el_class=&#8221;dark-bg&#8221;]<div class='wd_empty_space' data-heightmobile='' data-heighttablet='' data-heightdesktop=''><\/div>  <div class=\"wd-heading s-under-t text- s-behind-t\"\r\n       style=\"; \">\r\n\t\t\r\n\t\t\t\r\n      <h2 style=\"color:#ffffff;\" data-text=\"<span>Disseny i fabricaci\u00f3<\/span> de mobles personalitzats\">\r\n\t\t\t<span>Disseny i fabricaci\u00f3<\/span> de mobles personalitzats      <\/h2>\r\n\r\n\t\t\t\t\t\t\t\t\t\r\n\t\t    <\/div>\r\n\t\t<div class='wd_empty_space' data-heightmobile='' data-heighttablet='' data-heightdesktop=''><\/div>\r\n\r\n<div class=\"wd_empty_space\" data-heightmobile=\"5\" data-heighttablet=\"10\" data-heightdesktop=\"30\">\r\n\r\n<\/div>\r\n      \r\n\r\n\r\n\r\n        \r\n      \r\n    [vc_row_inner][vc_column_inner width=&#8221;1\/2&#8243; offset=&#8221;vc_col-xs-6&#8243;][vc_column_text]<\/p>\n<p style=\"text-align: justify;\"><span style=\"color: #ffffff;\">Cada projecte \u00e9s \u00fanic, per aix\u00f2 dissenyem i fabriquem mobles a mida que s&#8217;adapten a qualsevol espai i necessitat. Des de armaris de paret, mobles de cuina i bany, fins a solucions per a comer\u00e7os i oficines. Ens especialitzem en la creaci\u00f3 de peces que combinen est\u00e8tica i funcionalitat, sempre utilitzant materials de primera qualitat.<\/span><\/p>\n<p>[\/vc_column_text][\/vc_column_inner][vc_column_inner width=&#8221;1\/2&#8243; offset=&#8221;vc_col-xs-6&#8243;][vc_column_text]<\/p>\n<p style=\"text-align: justify;\"><span style=\"color: #ffffff;\">La nostra experi\u00e8ncia en el sector ens permet abordar projectes de fusta a mida, elaborant des de motllures i portes fins a estructures de fusta a mida. Apliquem t\u00e8cniques tradicionals d&#8217;ebenisteria, sense cargols visibles, per a garantir un acabat impecable i una major durabilitat.<\/span><\/p>\n<p>[\/vc_column_text][\/vc_column_inner][\/vc_row_inner][vc_row_inner][vc_column_inner]\r\n\r\n<div class=\"wd_empty_space\" data-heightmobile=\"5\" data-heighttablet=\"10\" data-heightdesktop=\"35\">\r\n\r\n<\/div>\r\n      \r\n\r\n\r\n\r\n        \r\n      \r\n    \r\n  <div\r\n    class=\"wd-btn-wrap text-center \" >\r\n    <a href=\"https:\/\/bozainteriorisme.com\/servicios\/\" class=\"wd-btn btn-solid btn-medium\"\r\n\r\n        style=\"color:#ffffff;  background-color:#b4a24f; \"\r\n        onMouseOver=\"this.style.color='#0a0a0a', this.style.backgroundColor='#f5f5f5'\"\r\n        onMouseOut=\"this.style.color='#ffffff', this.style.backgroundColor='#b4a24f'\"\r\n    >\r\n      Descobreix els nostres serveis    <\/a>\r\n  <\/div>\r\n\r\n  \r\n\r\n<div class=\"wd_empty_space\" data-heightmobile=\"5\" data-heighttablet=\"10\" data-heightdesktop=\"35\">\r\n\r\n<\/div>\r\n      \r\n\r\n\r\n\r\n        \r\n      \r\n    [\/vc_column_inner][\/vc_row_inner][\/vc_column][\/vc_row][vc_row full_width=&#8221;stretch_row&#8221; css=&#8221;.vc_custom_1744193988376{padding-top: 70px !important;background-image: url(https:\/\/bozainteriorisme.com\/wp-content\/uploads\/2019\/11\/map_dotes.png?id=931) !important;background-position: center !important;background-repeat: no-repeat !important;background-size: contain !important;}&#8221;][vc_column][vc_row_inner][vc_column_inner width=&#8221;5\/12&#8243; css=&#8221;.vc_custom_1575368285077{padding-right: 40px !important;padding-bottom: 40px !important;padding-left: 40px !important;}&#8221;]<div class='wd_empty_space' data-heightmobile='' data-heighttablet='' data-heightdesktop=''><\/div>  <div class=\"wd-heading s-under-t text-left s-behind-t behind-about\"\r\n       style=\"; \">\r\n\t\t\r\n\t\t\t\r\n      <h2 style=\"\" data-text=\"Projectes\">\r\n\t\t\tDescobreix els nostres <span>projectes<\/span>      <\/h2>\r\n\r\n\t\t\t\t\t\t        <p style=\"font-family:Open Sans;\" class=\"subtitle\">\r\n\t\t\t\tProjectes        <\/p>\r\n\t\t\t\t\t\t\r\n\t\t    <\/div>\r\n\t\t<div class='wd_empty_space' data-heightmobile='' data-heighttablet='' data-heightdesktop=''><\/div>\r\n\r\n<div class=\"wd_empty_space\" data-heightmobile=\"20\" data-heighttablet=\"30\" data-heightdesktop=\"50\">\r\n\r\n<\/div>\r\n      \r\n\r\n\r\n\r\n        \r\n      \r\n    [vc_column_text css=&#8221;.vc_custom_1750083919706{padding-bottom: 15px !important;}&#8221;]<\/p>\n<h4 style=\"text-align: justify;\"><span style=\"color: #000000;\"><strong><span class=\"EOP SCXW171037480 BCX0\" data-ccp-props=\"{&quot;335551550&quot;:6,&quot;335551620&quot;:6}\">Revestiments, parquet i vernissats<\/span><\/strong><\/span><\/h4>\n<p>[\/vc_column_text][vc_column_text]<\/p>\n<p style=\"text-align: justify;\">A m\u00e9s de la fabricaci\u00f3 de mobles, realitzem revestiments de parets i sostres, col\u00b7locaci\u00f3 de parquet i s\u00f2ls de fusta, aix\u00ed com lacats i vernissats per a tota mena de superf\u00edcies. Tamb\u00e9 ens especialitzem en la restauraci\u00f3 de mobles antics, retornant-los la seva esplendor original o adaptant-los a estils m\u00e9s contemporanis.<\/p>\n<p><strong>BOZA\u00a0INTERIORISME<\/strong>\u00a0ens diferenciem pel nostre tracte pr\u00f2xim i personalitzat, acompanyant al client en cada fase del projecte, des de la concepci\u00f3 de la idea fins a la seva materialitzaci\u00f3 final.<\/p>\n<p>[\/vc_column_text]\r\n\r\n<div class=\"wd_empty_space\" data-heightmobile=\"10\" data-heighttablet=\"40\" data-heightdesktop=\"60\">\r\n\r\n<\/div>\r\n      \r\n\r\n\r\n\r\n        \r\n      \r\n    \r\n  <div\r\n    class=\"wd-btn-wrap text-left \" >\r\n    <a href=\"https:\/\/bozainteriorisme.com\/proyectos\/\" class=\"wd-btn btn-solid btn-medium\"\r\n\r\n        style=\"color:#ffffff;  background-color:#b4a24f; \"\r\n        onMouseOver=\"this.style.color='#0a0a0a', this.style.backgroundColor='#f5f5f5'\"\r\n        onMouseOut=\"this.style.color='#ffffff', this.style.backgroundColor='#b4a24f'\"\r\n    >\r\n      Descobreix els nostres projectes    <\/a>\r\n  <\/div>\r\n\r\n  [\/vc_column_inner][vc_column_inner width=&#8221;1\/12&#8243;][\/vc_column_inner][vc_column_inner el_class=&#8221;screen&#8221; width=&#8221;1\/2&#8243;][vc_single_image image=&#8221;1028&#8243; img_size=&#8221;560&#215;540&#8243; alignment=&#8221;center&#8221; el_class=&#8221;screen1&#8243;][vc_single_image image=&#8221;1029&#8243; img_size=&#8221;375&#215;375&#8243; alignment=&#8221;center&#8221; el_class=&#8221;screen2&#8243;][\/vc_column_inner][\/vc_row_inner]\r\n\r\n<div class=\"wd_empty_space\" data-heightmobile=\"30\" data-heighttablet=\"40\" data-heightdesktop=\"64\">\r\n\r\n<\/div>\r\n      \r\n\r\n\r\n\r\n        \r\n      \r\n    [\/vc_column][\/vc_row][vc_row full_width=&#8221;stretch_row&#8221; css=&#8221;.vc_custom_1750081524602{padding-top: 25px !important;padding-bottom: 40px !important;background: #f7f7f7 url(https:\/\/bozainteriorisme.com\/wp-content\/uploads\/2019\/11\/Repeat-Grid-38.png?id=30) !important;}&#8221;][vc_column width=&#8221;2\/3&#8243;]<div class='wd_empty_space' data-heightmobile='' data-heighttablet='' data-heightdesktop=''><\/div>  <div class=\"wd-heading s-under-t text-left \"\r\n       style=\"; \">\r\n\t\t\r\n\t\t\t\r\n      <h3 style=\"color:#ffffff;\" data-text=\"Boza interiorisme combina disseny, funcionalitat i qualitat\">\r\n\t\t\tFusteria a mida: transforma les teves idees en realitat      <\/h3>\r\n\r\n\t\t\t\t\t\t        <p style=\"color:#ffffff;\" class=\"subtitle\">\r\n\t\t\t\tBoza interiorisme combina disseny, funcionalitat i qualitat        <\/p>\r\n\t\t\t\t\t\t\r\n\t\t    <\/div>\r\n\t\t<div class='wd_empty_space' data-heightmobile='' data-heighttablet='' data-heightdesktop=''><\/div>[\/vc_column][vc_column width=&#8221;1\/3&#8243; css=&#8221;.vc_custom_1744194094233{padding-top: 60px !important;}&#8221;]\r\n  <div\r\n    class=\"wd-btn-wrap text-right \" >\r\n    <a href=\"https:\/\/bozainteriorisme.com\/contacto\/\" class=\"wd-btn btn-solid btn-medium\"\r\n\r\n        style=\"color:#ffffff;  background-color:#b4a24f; \"\r\n        onMouseOver=\"this.style.color='#0a0a0a', this.style.backgroundColor='#f5f5f5'\"\r\n        onMouseOut=\"this.style.color='#ffffff', this.style.backgroundColor='#b4a24f'\"\r\n    >\r\n      CONTACTA    <\/a>\r\n  <\/div>\r\n\r\n  [\/vc_column][\/vc_row]<\/p>\n<\/div>","protected":false},"excerpt":{"rendered":"<p>[vc_row gap=&#8221;20&#8243; css=&#8221;.vc_custom_1750069992183{margin-top: 0px !important;}&#8221;][vc_column width=&#8221;6\/12&#8243;][vc_single_image image=&#8221;3542&#8243; img_size=&#8221;full&#8221;][\/vc_column][vc_column width=&#8221;6\/12&#8243; css=&#8221;.vc_custom_1576666182689{padding-right: 140px !important;padding-left: 15px !important;}&#8221;][vc_column_text] A BOZA INTERIORISME convertim la fusta en art. Amb m\u00e9s de 35 anys d&#8217;experi\u00e8ncia en fusteria i ebenisteria, som especialistes a dissenyar i fabricar mobles de fusta a mida, adaptats als espais i necessitats de cada client. La nostra filosofia es [&hellip;]<\/p>\n","protected":false},"author":1,"featured_media":0,"parent":0,"menu_order":0,"comment_status":"closed","ping_status":"closed","template":"","meta":{"footnotes":""},"class_list":["post-3812","page","type-page","status-publish","hentry"],"aioseo_notices":[],"_links":{"self":[{"href":"https:\/\/bozainteriorisme.com\/ca\/wp-json\/wp\/v2\/pages\/3812","targetHints":{"allow":["GET"]}}],"collection":[{"href":"https:\/\/bozainteriorisme.com\/ca\/wp-json\/wp\/v2\/pages"}],"about":[{"href":"https:\/\/bozainteriorisme.com\/ca\/wp-json\/wp\/v2\/types\/page"}],"author":[{"embeddable":true,"href":"https:\/\/bozainteriorisme.com\/ca\/wp-json\/wp\/v2\/users\/1"}],"replies":[{"embeddable":true,"href":"https:\/\/bozainteriorisme.com\/ca\/wp-json\/wp\/v2\/comments?post=3812"}],"version-history":[{"count":3,"href":"https:\/\/bozainteriorisme.com\/ca\/wp-json\/wp\/v2\/pages\/3812\/revisions"}],"predecessor-version":[{"id":3815,"href":"https:\/\/bozainteriorisme.com\/ca\/wp-json\/wp\/v2\/pages\/3812\/revisions\/3815"}],"wp:attachment":[{"href":"https:\/\/bozainteriorisme.com\/ca\/wp-json\/wp\/v2\/media?parent=3812"}],"curies":[{"name":"wp","href":"https:\/\/api.w.org\/{rel}","templated":true}]}}