{"id":3819,"date":"2019-11-05T14:50:45","date_gmt":"2019-11-05T13:50:45","guid":{"rendered":"https:\/\/bozainteriorisme.com\/home\/"},"modified":"2025-06-16T16:41:08","modified_gmt":"2025-06-16T14:41:08","slug":"home","status":"publish","type":"page","link":"https:\/\/bozainteriorisme.com\/ca\/","title":{"rendered":"Inici"},"content":{"rendered":"<div class=\"wpb-content-wrapper\"><p>[vc_row][vc_column]\n\t\t\t<!-- START INICI REVOLUTION SLIDER 6.7.34 --><p class=\"rs-p-wp-fix\"><\/p>\n\t\t\t<rs-module-wrap id=\"rev_slider_7_1_wrapper\" data-source=\"gallery\" style=\"visibility:hidden;background:transparent;padding:0;margin:0px auto;margin-top:0;margin-bottom:0;\">\n\t\t\t\t<rs-module id=\"rev_slider_7_1\" style=\"\" data-version=\"6.7.34\">\n\t\t\t\t\t<rs-slides style=\"overflow: hidden; position: absolute;\">\n\t\t\t\t\t\t<rs-slide style=\"position: absolute;\" data-key=\"rs-15\" data-title=\"Slide\" data-thumb=\"\/\/bozainteriorisme.com\/wp-content\/uploads\/2025\/06\/Boza_Muebles-a-medida-100x50.png\" data-in=\"o:0;\" data-out=\"a:false;\">\n\t\t\t\t\t\t\t<img decoding=\"async\" src=\"\/\/bozainteriorisme.com\/wp-content\/plugins\/revslider\/sr6\/assets\/assets\/dummy.png\" alt=\"Boza_Muebles a medida\" title=\"Boza_Muebles a medida\" width=\"1918\" height=\"870\" class=\"rev-slidebg tp-rs-img rs-lazyload\" data-lazyload=\"\/\/bozainteriorisme.com\/wp-content\/uploads\/2025\/06\/Boza_Muebles-a-medida.png\" data-no-retina>\n<!--\n\t\t\t\t\t\t\t--><rs-layer\n\t\t\t\t\t\t\t\tid=\"slider-7-slide-15-layer-1\" \n\t\t\t\t\t\t\t\tclass=\"Fashion-BigDisplay\"\n\t\t\t\t\t\t\t\tdata-type=\"text\"\n\t\t\t\t\t\t\t\tdata-color=\"rgba(255,255,255,1)\"\n\t\t\t\t\t\t\t\tdata-rsp_ch=\"on\"\n\t\t\t\t\t\t\t\tdata-xy=\"x:c;y:m;yo:107px,-4px,-79px,-55px;\"\n\t\t\t\t\t\t\t\tdata-text=\"w:normal;s:60,60,50,28;l:50,50,50,28;ls:2px,2px,2px,1px;fw:900,900,700,700;a:center;\"\n\t\t\t\t\t\t\t\tdata-dim=\"w:1341px,1016px,690px,386px;\"\n\t\t\t\t\t\t\t\tdata-frame_1=\"x:0,0,0,0px;y:0,0,0,0px;e:power2.inOut;st:499.99969482422;sR:499.99969482422;\"\n\t\t\t\t\t\t\t\tdata-frame_999=\"o:0;e:nothing;st:w;sR:8201;\"\n\t\t\t\t\t\t\t\tstyle=\"z-index:8;font-family:'Playfair Display';text-transform:uppercase;\"\n\t\t\t\t\t\t\t>Creem espais \u00fanics amb fusta \n\t\t\t\t\t\t\t<\/rs-layer><!--\n\n\t\t\t\t\t\t\t--><a\n\t\t\t\t\t\t\t\tid=\"slider-7-slide-15-layer-3\" \n\t\t\t\t\t\t\t\tclass=\"rs-layer rev-btn\"\n\t\t\t\t\t\t\t\thref=\"\/ca\/projectes\/\" target=\"_self\"\n\t\t\t\t\t\t\t\tdata-type=\"button\"\n\t\t\t\t\t\t\t\tdata-color=\"#1c1c1c||#1c1c1c||#070707||#050505\"\n\t\t\t\t\t\t\t\tdata-xy=\"x:c,c,l,c;xo:0,0,270px,0;yo:710px,506px,479px,321px;\"\n\t\t\t\t\t\t\t\tdata-text=\"w:normal;s:12,12,12,9;l:17,17,17,13;fw:500;a:center;\"\n\t\t\t\t\t\t\t\tdata-dim=\"w:258px,258px,184px,136px;h:43px,43px,43px,42px;\"\n\t\t\t\t\t\t\t\tdata-rsp_bd=\"off\"\n\t\t\t\t\t\t\t\tdata-padding=\"t:15,15,15,11;r:15,15,15,11;b:15,15,15,11;l:15,15,15,11;\"\n\t\t\t\t\t\t\t\tdata-frame_1=\"x:0,0,0,0px;y:0,0,0,0px;e:power2.inOut;st:500;sR:500;\"\n\t\t\t\t\t\t\t\tdata-frame_999=\"o:0;e:nothing;st:w;sR:8200;\"\n\t\t\t\t\t\t\t\tdata-frame_hover=\"c:#fff;bgc:#292929;boc:#000;bor:0px,0px,0px,0px;bos:solid;oX:50;oY:50;sp:0;\"\n\t\t\t\t\t\t\t\tstyle=\"z-index:10;background-color:#ffffff;font-family:'Roboto';cursor:pointer;outline:none;box-shadow:none;box-sizing:border-box;-moz-box-sizing:border-box;-webkit-box-sizing:border-box;\"\n\t\t\t\t\t\t\t>DESCOBREIX ELS NOSTRES PROJECTES \n\t\t\t\t\t\t\t<\/a><!--\n\n\t\t\t\t\t\t\t--><rs-layer\n\t\t\t\t\t\t\t\tid=\"slider-7-slide-15-layer-5\" \n\t\t\t\t\t\t\t\tclass=\"Fashion-BigDisplay\"\n\t\t\t\t\t\t\t\tdata-type=\"text\"\n\t\t\t\t\t\t\t\tdata-color=\"rgba(255,255,255,1)\"\n\t\t\t\t\t\t\t\tdata-rsp_ch=\"on\"\n\t\t\t\t\t\t\t\tdata-xy=\"x:c;yo:601px,364px,268px,207px;\"\n\t\t\t\t\t\t\t\tdata-text=\"w:normal;s:20,20,28,14;l:36,36,36,18;ls:2px,2px,2px,1px;fw:300;a:center;\"\n\t\t\t\t\t\t\t\tdata-dim=\"w:1121px,1003px,644px,328px;\"\n\t\t\t\t\t\t\t\tdata-frame_1=\"x:0,0,0,0px;y:0,0,0,0px;e:power2.inOut;st:500;sR:500;\"\n\t\t\t\t\t\t\t\tdata-frame_999=\"o:0;e:nothing;st:w;sR:8200;\"\n\t\t\t\t\t\t\t\tstyle=\"z-index:9;font-family:'Raleway';\"\n\t\t\t\t\t\t\t>Solucions de fusteria i ebenisteria a mida per a cada projecte \n\t\t\t\t\t\t\t<\/rs-layer><!--\n-->\t\t\t\t\t<\/rs-slide>\n\t\t\t\t\t\t<rs-slide style=\"position: absolute;\" data-key=\"rs-17\" data-title=\"Slide\" data-thumb=\"\/\/bozainteriorisme.com\/wp-content\/uploads\/2025\/06\/Boza_cocinas-a-medida-100x50.png\" data-in=\"o:0;\" data-out=\"a:false;\">\n\t\t\t\t\t\t\t<img decoding=\"async\" src=\"\/\/bozainteriorisme.com\/wp-content\/plugins\/revslider\/sr6\/assets\/assets\/dummy.png\" alt=\"Boza_cocinas a medida\" title=\"Boza_cocinas a medida\" width=\"1918\" height=\"870\" class=\"rev-slidebg tp-rs-img rs-lazyload\" data-lazyload=\"\/\/bozainteriorisme.com\/wp-content\/uploads\/2025\/06\/Boza_cocinas-a-medida.png\" data-no-retina>\n<!--\n\t\t\t\t\t\t\t--><rs-layer\n\t\t\t\t\t\t\t\tid=\"slider-7-slide-17-layer-1\" \n\t\t\t\t\t\t\t\tclass=\"Fashion-BigDisplay\"\n\t\t\t\t\t\t\t\tdata-type=\"text\"\n\t\t\t\t\t\t\t\tdata-color=\"rgba(255,255,255,1)\"\n\t\t\t\t\t\t\t\tdata-rsp_ch=\"on\"\n\t\t\t\t\t\t\t\tdata-xy=\"x:c;y:m;yo:107px,-4px,-79px,-55px;\"\n\t\t\t\t\t\t\t\tdata-text=\"w:normal;s:60,60,50,28;l:50,50,50,28;ls:2px,2px,2px,1px;fw:900,900,700,700;a:center;\"\n\t\t\t\t\t\t\t\tdata-dim=\"w:1341px,1016px,690px,386px;\"\n\t\t\t\t\t\t\t\tdata-frame_1=\"x:0,0,0,0px;y:0,0,0,0px;e:power2.inOut;st:499.99969482422;sR:499.99969482422;\"\n\t\t\t\t\t\t\t\tdata-frame_999=\"o:0;e:nothing;st:w;sR:8201;\"\n\t\t\t\t\t\t\t\tstyle=\"z-index:8;font-family:'Playfair Display';text-transform:uppercase;\"\n\t\t\t\t\t\t\t>Fabriquem el teu projecte a mida \n\t\t\t\t\t\t\t<\/rs-layer><!--\n\n\t\t\t\t\t\t\t--><a\n\t\t\t\t\t\t\t\tid=\"slider-7-slide-17-layer-3\" \n\t\t\t\t\t\t\t\tclass=\"rs-layer rev-btn\"\n\t\t\t\t\t\t\t\thref=\"https:\/\/bozainteriorisme.com\/ca\/contacte\/\" target=\"_self\"\n\t\t\t\t\t\t\t\tdata-type=\"button\"\n\t\t\t\t\t\t\t\tdata-color=\"#1c1c1c||#1c1c1c||#070707||#050505\"\n\t\t\t\t\t\t\t\tdata-xy=\"x:c,c,l,c;xo:0,0,270px,0;yo:710px,506px,479px,321px;\"\n\t\t\t\t\t\t\t\tdata-text=\"w:normal;s:12,12,12,9;l:17,17,17,13;fw:500;a:center;\"\n\t\t\t\t\t\t\t\tdata-dim=\"w:230px,230px,184px,136px;h:43px,43px,43px,42px;\"\n\t\t\t\t\t\t\t\tdata-rsp_bd=\"off\"\n\t\t\t\t\t\t\t\tdata-padding=\"t:15,15,15,11;r:15,15,15,11;b:15,15,15,11;l:15,15,15,11;\"\n\t\t\t\t\t\t\t\tdata-frame_1=\"x:0,0,0,0px;y:0,0,0,0px;e:power2.inOut;st:500;sR:500;\"\n\t\t\t\t\t\t\t\tdata-frame_999=\"o:0;e:nothing;st:w;sR:8200;\"\n\t\t\t\t\t\t\t\tdata-frame_hover=\"c:#fff;bgc:#292929;boc:#000;bor:0px,0px,0px,0px;bos:solid;oX:50;oY:50;sp:0;\"\n\t\t\t\t\t\t\t\tstyle=\"z-index:10;background-color:#ffffff;font-family:'Roboto';cursor:pointer;outline:none;box-shadow:none;box-sizing:border-box;-moz-box-sizing:border-box;-webkit-box-sizing:border-box;\"\n\t\t\t\t\t\t\t>CONTACTA AMB NOSALTRES \n\t\t\t\t\t\t\t<\/a><!--\n\n\t\t\t\t\t\t\t--><rs-layer\n\t\t\t\t\t\t\t\tid=\"slider-7-slide-17-layer-5\" \n\t\t\t\t\t\t\t\tclass=\"Fashion-BigDisplay\"\n\t\t\t\t\t\t\t\tdata-type=\"text\"\n\t\t\t\t\t\t\t\tdata-color=\"rgba(255,255,255,1)\"\n\t\t\t\t\t\t\t\tdata-rsp_ch=\"on\"\n\t\t\t\t\t\t\t\tdata-xy=\"x:c;yo:601px,364px,268px,207px;\"\n\t\t\t\t\t\t\t\tdata-text=\"w:normal;s:20,20,28,14;l:36,36,36,18;ls:2px,2px,2px,1px;fw:300;a:center;\"\n\t\t\t\t\t\t\t\tdata-dim=\"w:1121px,1003px,644px,328px;\"\n\t\t\t\t\t\t\t\tdata-frame_1=\"x:0,0,0,0px;y:0,0,0,0px;e:power2.inOut;st:500;sR:500;\"\n\t\t\t\t\t\t\t\tdata-frame_999=\"o:0;e:nothing;st:w;sR:8200;\"\n\t\t\t\t\t\t\t\tstyle=\"z-index:9;font-family:'Raleway';\"\n\t\t\t\t\t\t\t>Explica'ns el teu projecte. Ho farem realitat amb precisi\u00f3 i estil \n\t\t\t\t\t\t\t<\/rs-layer><!--\n-->\t\t\t\t\t<\/rs-slide>\n\t\t\t\t\t<\/rs-slides>\n\t\t\t\t<\/rs-module>\n\t\t\t\t<script>\n\t\t\t\t\tsetREVStartSize({c: 'rev_slider_7_1',rl:[1240,1024,778,480],el:[870,600,550,420],gw:[1340,1024,778,480],gh:[870,600,550,420],type:'standard',justify:'',layout:'fullwidth',mh:\"0\"});if (window.RS_MODULES!==undefined && window.RS_MODULES.modules!==undefined && window.RS_MODULES.modules[\"revslider71\"]!==undefined) {window.RS_MODULES.modules[\"revslider71\"].once = false;window.revapi7 = undefined;if (window.RS_MODULES.checkMinimal!==undefined) window.RS_MODULES.checkMinimal()}\n\t\t\t\t<\/script>\n\t\t\t<\/rs-module-wrap>\n\t\t\t<!-- END REVOLUTION SLIDER -->\n[\/vc_column][\/vc_row][vc_row full_width=&#8221;stretch_row&#8221; css=&#8221;.vc_custom_1573252318079{background-image: url(https:\/\/bozainteriorisme.com\/wp-content\/uploads\/2019\/11\/map_dotes.png?id=931) !important;background-position: center !important;background-repeat: no-repeat !important;background-size: contain !important;}&#8221;][vc_column]\r\n\r\n<div class=\"wd_empty_space\" data-heightmobile=\"30\" data-heighttablet=\"40\" data-heightdesktop=\"100\">\r\n\r\n<\/div>\r\n      \r\n\r\n\r\n\r\n        \r\n      \r\n    [vc_row_inner gap=&#8221;15&#8243;][vc_column_inner width=&#8221;1\/2&#8243; css=&#8221;.vc_custom_1575368285077{padding-right: 40px !important;padding-bottom: 40px !important;padding-left: 40px !important;}&#8221;]<div class='wd_empty_space' data-heightmobile='0' data-heighttablet='0' data-heightdesktop='0'><\/div>  <div class=\"wd-heading s-behind-t text-left \"\r\n       style=\"; \">\r\n\t\t\r\n\t\t\t\r\n      <h2 style=\"font-weight:900;font-size:48px;\" data-text=\"Boza\">\r\n\t\t\tFusteria i ebenisteria a <span>mida<\/span>      <\/h2>\r\n\r\n\t\t\t\t\t\t        <p style=\"\" class=\"subtitle\">\r\n\t\t\t\tBoza        <\/p>\r\n\t\t\t\t\t\t\r\n\t\t    <\/div>\r\n\t\t<div class='wd_empty_space' data-heightmobile='5' data-heighttablet='5' data-heightdesktop='5'><\/div>[vc_column_text]<\/p>\n<p style=\"text-align: justify;\">A <strong>BOZA INTERIORISME<\/strong> convertim la fusta en art. Amb m\u00e9s de 35 anys d&#8217;experi\u00e8ncia en fusteria i ebenisteria, som especialistes a dissenyar i fabricar mobles de fusta a mida, adaptats als espais i necessitats de cada client.<\/p>\n<p>La nostra filosofia es basa en l&#8217;atenci\u00f3 al detall, la precisi\u00f3 artesanal i un ferm comprom\u00eds amb la sostenibilitat. Convertim la fusta en peces \u00faniques, dissenyades per a transformar espais i aportar un toc exclusiu a llars i negocis. Fusionem el nostre excel\u00b7lent treball amb les \u00faltimes tend\u00e8ncies per a crear mobles de fusta a mida que combinen bellesa, funcionalitat i durabilitat.<\/p>\n<p>[\/vc_column_text]\r\n\r\n<div class=\"wd_empty_space\" data-heightmobile=\"20\" data-heighttablet=\"30\" data-heightdesktop=\"50\">\r\n\r\n<\/div>\r\n      \r\n\r\n\r\n\r\n        \r\n      \r\n    \r\n  <div\r\n    class=\"wd-btn-wrap text-left \" >\r\n    <a href=\"https:\/\/bozainteriorisme.com\/ca\/coneix-nos\/\" class=\"wd-btn btn-border btn-medium\"\r\n\r\n        style=\"color:#262626;   border-color:#707070;\"\r\n        onMouseOver=\"this.style.color='', this.style.backgroundColor=''\"\r\n        onMouseOut=\"this.style.color='#262626', this.style.backgroundColor=''\"\r\n    >\r\n      CONEIX-NOS    <\/a>\r\n  <\/div>\r\n\r\n  [\/vc_column_inner][vc_column_inner el_class=&#8221;screen&#8221; width=&#8221;1\/2&#8243;][vc_single_image image=&#8221;12&#8243; img_size=&#8221;560&#215;540&#8243; alignment=&#8221;center&#8221; el_class=&#8221;screen1&#8243;][vc_single_image image=&#8221;3365&#8243; img_size=&#8221;375&#215;375&#8243; alignment=&#8221;center&#8221; el_class=&#8221;screen2&#8243;][\/vc_column_inner][\/vc_row_inner]\r\n\r\n<div class=\"wd_empty_space\" data-heightmobile=\"30\" data-heighttablet=\"40\" data-heightdesktop=\"64\">\r\n\r\n<\/div>\r\n      \r\n\r\n\r\n\r\n        \r\n      \r\n    [\/vc_column][\/vc_row][vc_row full_width=&#8221;stretch_row_content_no_spaces&#8221;][vc_column][vc_row_inner][vc_column_inner width=&#8221;2\/3&#8243; css=&#8221;.vc_custom_1749552480288{background-image: url(https:\/\/bozainteriorisme.com\/wp-content\/uploads\/2025\/06\/Cocinas-a-medida-deluxe.jpg?id=3523) !important;background-position: center !important;background-repeat: no-repeat !important;background-size: cover !important;}&#8221;]\r\n\r\n<div class=\"wd_empty_space\" data-heightmobile=\"100\" data-heighttablet=\"300\" data-heightdesktop=\"710\">\r\n\r\n<\/div>\r\n      \r\n\r\n\r\n\r\n        \r\n      \r\n    [\/vc_column_inner][vc_column_inner width=&#8221;1\/3&#8243; css=&#8221;.vc_custom_1573128702203{background-image: url(https:\/\/bozainteriorisme.com\/wp-content\/uploads\/2019\/11\/Repeat-Grid-61@2x.jpg?id=827) !important;background-position: center !important;background-repeat: no-repeat !important;background-size: cover !important;}&#8221;]\r\n\r\n<div class=\"wd_empty_space\" data-heightmobile=\"100\" data-heighttablet=\"300\" data-heightdesktop=\"710\">\r\n\r\n<\/div>\r\n      \r\n\r\n\r\n\r\n        \r\n      \r\n    [\/vc_column_inner][\/vc_row_inner][vc_row_inner el_class=&#8221;flying-row&#8221;][vc_column_inner width=&#8221;1\/3&#8243;][\/vc_column_inner][vc_column_inner el_class=&#8221;moved-50per&#8221; width=&#8221;1\/3&#8243; css=&#8221;.vc_custom_1573305626188{background-color: #2e2e2e !important;}&#8221;]<div class='wd_empty_space' data-heightmobile='' data-heighttablet='' data-heightdesktop=''><\/div>  <div class=\"wd-heading t-only text- \"\r\n       style=\"; \">\r\n\t\t\r\n      <h2 style=\"color:#ffffff;\"\"\r\n      data-text=\"Els nostres <span>Projectes<\/span>\">\r\n\t\t\tEls nostres <span>Projectes<\/span>      <\/h2>\r\n\r\n\t\t\t    <\/div>\r\n\t\t<div class='wd_empty_space' data-heightmobile='' data-heighttablet='' data-heightdesktop=''><\/div>[vc_column_text]<\/p>\n<p style=\"text-align: justify;\"><span style=\"color: #ffffff;\">Nuestro enfoque se basa en la escucha activa del cliente, el dise\u00f1o a medida y la aplicaci\u00f3n de las t\u00e9cnicas m\u00e1s avanzadas en carpinter\u00eda. Desde elegantes salones con mobiliario de autor hasta sofisticados despachos y espacios comerciales con identidad propia, cada trabajo es una muestra de calidad y profesionalismo.<\/span><\/p>\n<p>[\/vc_column_text]\r\n\r\n<div class=\"wd_empty_space\" data-heightmobile=\"15\" data-heighttablet=\"30\" data-heightdesktop=\"50\">\r\n\r\n<\/div>\r\n      \r\n\r\n\r\n\r\n        \r\n      \r\n    \r\n  <div\r\n    class=\"wd-btn-wrap text-left \" >\r\n    <a href=\"https:\/\/bozainteriorisme.com\/proyectos\/\" class=\"wd-btn btn-border btn-medium\"\r\n\r\n        style=\"color:#2e2e2e;  background-color:#ffffff; border-color:#ffffff;\"\r\n        onMouseOver=\"this.style.color='#ffffff', this.style.backgroundColor='#2e2e2e'\"\r\n        onMouseOut=\"this.style.color='#2e2e2e', this.style.backgroundColor='#ffffff'\"\r\n    >\r\n      PROJECTES    <\/a>\r\n  <\/div>\r\n\r\n  [\/vc_column_inner][vc_column_inner width=&#8221;1\/3&#8243;][\/vc_column_inner][\/vc_row_inner][\/vc_column][\/vc_row][vc_row][vc_column]\r\n\r\n<div class=\"wd_empty_space\" data-heightmobile=\"20\" data-heighttablet=\"50\" data-heightdesktop=\"120\">\r\n\r\n<\/div>\r\n      \r\n\r\n\r\n\r\n        \r\n      \r\n    <div class='wd_empty_space' data-heightmobile='' data-heighttablet='' data-heightdesktop=''><\/div>  <div class=\"wd-heading s-behind-t text- \"\r\n       style=\"; \">\r\n\t\t\r\n\t\t\t\r\n      <h2 style=\"\" data-text=\"Professionalitat\">\r\n\t\t\tDescobreix els nostres <span>serveis<\/span>      <\/h2>\r\n\r\n\t\t\t\t\t\t        <p style=\"\" class=\"subtitle\">\r\n\t\t\t\tProfessionalitat        <\/p>\r\n\t\t\t\t\t\t\r\n\t\t    <\/div>\r\n\t\t<div class='wd_empty_space' data-heightmobile='' data-heighttablet='' data-heightdesktop=''><\/div>\r\n\r\n<div class=\"wd_empty_space\" data-heightmobile=\"15\" data-heighttablet=\"30\" data-heightdesktop=\"60\">\r\n\r\n<\/div>\r\n      \r\n\r\n\r\n\r\n        \r\n      \r\n    [vc_row_inner][vc_column_inner width=&#8221;1\/3&#8243;]\r\n\t\t<div class=\"wd-section-text-icon\">\r\n\t\t\t\t\t\t\t<div class=\"wd-text-icon-rtl  \" >\r\n\t\t\t\t\t<div class=\"box-icon\">\r\n\t\t\t\t\t\t\t\t\t\t\t\t\t\t\t\t\t\t\t\t\t\t\t\t\t\t\t<img decoding=\"async\" src=\"\"\r\n\t\t\t\t\t\t\t     srcset=\"\" alt=\"\"\/>\r\n\t\t\t\t\t\t\t\t\t\t\t<\/div>\r\n\t\t\t\t\t<div class=\"box-description\">\r\n\t\t\t\t\t\t<h3>Mobles a mida<\/h3>\r\n\t\t\t\t\t\t<p>\r\n\t\t\t\t\t\t\tCada llar i negoci t\u00e9 necessitats \u00faniques, per aix\u00f2 dissenyem mobles de fusta a mida totalment personalitzats. Ens adaptem a cada espai i prefer\u00e8ncia.\t\t\t\t\t\t<\/p>\r\n\t\t\t\t\t<\/div>\r\n\t\t\t\t<\/div>\r\n\t\t\t\t\t\t<\/div>\r\n\r\n\r\n\t\t[\/vc_column_inner][vc_column_inner width=&#8221;1\/3&#8243;]\r\n\t\t<div class=\"wd-section-text-icon\">\r\n\t\t\t\t\t\t\t<div class=\"wd-text-icon-rtl  \" >\r\n\t\t\t\t\t<div class=\"box-icon\">\r\n\t\t\t\t\t\t\t\t\t\t\t\t\t\t\t\t\t\t\t\t\t\t\t\t\t\t\t<img decoding=\"async\" src=\"\"\r\n\t\t\t\t\t\t\t     srcset=\"\" alt=\"\"\/>\r\n\t\t\t\t\t\t\t\t\t\t\t<\/div>\r\n\t\t\t\t\t<div class=\"box-description\">\r\n\t\t\t\t\t\t<h3>ARMARIS I VESTIDORS<\/h3>\r\n\t\t\t\t\t\t<p>\r\n\t\t\t\t\t\t\tSoluci\u00f3 ideal per a optimitzar l&#8217;espai sense necessitat de realitzar reformes. Dissenyem cada pe\u00e7a considerant la distribuci\u00f3 de l&#8217;espai i les teves necessitats.\t\t\t\t\t\t<\/p>\r\n\t\t\t\t\t<\/div>\r\n\t\t\t\t<\/div>\r\n\t\t\t\t\t\t<\/div>\r\n\r\n\r\n\t\t[\/vc_column_inner][vc_column_inner width=&#8221;1\/3&#8243;]\r\n\t\t<div class=\"wd-section-text-icon\">\r\n\t\t\t\t\t\t\t<div class=\"wd-text-icon-rtl  \" >\r\n\t\t\t\t\t<div class=\"box-icon\">\r\n\t\t\t\t\t\t\t\t\t\t\t\t\t\t\t\t\t\t\t\t\t\t\t\t\t\t\t<img decoding=\"async\" src=\"\"\r\n\t\t\t\t\t\t\t     srcset=\"\" alt=\"\"\/>\r\n\t\t\t\t\t\t\t\t\t\t\t<\/div>\r\n\t\t\t\t\t<div class=\"box-description\">\r\n\t\t\t\t\t\t<h3>Cuines a mida<\/h3>\r\n\t\t\t\t\t\t<p>\r\n\t\t\t\t\t\t\tFabriquem mobiliari de cuina optimitzant l&#8217;espai i la distribuci\u00f3, combinant materials resistents a la humitat amb acabats moderns i elegants.\t\t\t\t\t\t<\/p>\r\n\t\t\t\t\t<\/div>\r\n\t\t\t\t<\/div>\r\n\t\t\t\t\t\t<\/div>\r\n\r\n\r\n\t\t[\/vc_column_inner][\/vc_row_inner]\r\n\r\n<div class=\"wd_empty_space\" data-heightmobile=\"20\" data-heighttablet=\"40\" data-heightdesktop=\"80\">\r\n\r\n<\/div>\r\n      \r\n\r\n\r\n\r\n        \r\n      \r\n    \r\n  <div\r\n    class=\"wd-btn-wrap text-center \" >\r\n    <a href=\"https:\/\/bozainteriorisme.com\/servicios\/\" class=\"wd-btn btn-border btn-medium\"\r\n\r\n        style=\"color:#262626;   border-color:#707070;\"\r\n        onMouseOver=\"this.style.color='', this.style.backgroundColor=''\"\r\n        onMouseOut=\"this.style.color='#262626', this.style.backgroundColor=''\"\r\n    >\r\n      DESCOBREIX ELS NOSTRES SERVEIS    <\/a>\r\n  <\/div>\r\n\r\n  \r\n\r\n<div class=\"wd_empty_space\" data-heightmobile=\"20\" data-heighttablet=\"40\" data-heightdesktop=\"80\">\r\n\r\n<\/div>\r\n      \r\n\r\n\r\n\r\n        \r\n      \r\n    [\/vc_column][\/vc_row][vc_row full_width=&#8221;stretch_row&#8221; css=&#8221;.vc_custom_1750081446047{padding-top: 15px !important;padding-bottom: 15px !important;background-image: url(https:\/\/bozainteriorisme.com\/wp-content\/uploads\/2019\/11\/Repeat-Grid-38.png?id=30) !important;background-position: center !important;background-repeat: no-repeat !important;background-size: cover !important;}&#8221;][vc_column width=&#8221;2\/3&#8243;]<div class='wd_empty_space' data-heightmobile='' data-heighttablet='' data-heightdesktop=''><\/div>  <div class=\"wd-heading s-under-t text-left \"\r\n       style=\"; \">\r\n\t\t\r\n\t\t\t\r\n      <h3 style=\"color:#ffffff;\" data-text=\"Boza interiorisme combina disseny, funcionalitat i qualitat\">\r\n\t\t\tFusteria a mida: transforma les teves idees en realitat      <\/h3>\r\n\r\n\t\t\t\t\t\t        <p style=\"color:#ffffff;\" class=\"subtitle\">\r\n\t\t\t\tBoza interiorisme combina disseny, funcionalitat i qualitat        <\/p>\r\n\t\t\t\t\t\t\r\n\t\t    <\/div>\r\n\t\t<div class='wd_empty_space' data-heightmobile='' data-heighttablet='' data-heightdesktop=''><\/div>[\/vc_column][vc_column width=&#8221;1\/3&#8243;]\r\n  <div\r\n    class=\"wd-btn-wrap text-right \" >\r\n    <a href=\"https:\/\/bozainteriorisme.com\/ca\/contacte\/\" class=\"wd-btn btn-solid btn-medium\"\r\n\r\n        style=\"color:#ffffff;  background-color:#b4a24f; \"\r\n        onMouseOver=\"this.style.color='#0a0a0a', this.style.backgroundColor='#f5f5f5'\"\r\n        onMouseOut=\"this.style.color='#ffffff', this.style.backgroundColor='#b4a24f'\"\r\n    >\r\n      CONTACTA    <\/a>\r\n  <\/div>\r\n\r\n  [\/vc_column][\/vc_row]<\/p>\n<\/div>","protected":false},"excerpt":{"rendered":"<p>[vc_row][vc_column][\/vc_column][\/vc_row][vc_row full_width=&#8221;stretch_row&#8221; css=&#8221;.vc_custom_1573252318079{background-image: url(https:\/\/bozainteriorisme.com\/wp-content\/uploads\/2019\/11\/map_dotes.png?id=931) !important;background-position: center !important;background-repeat: no-repeat !important;background-size: contain !important;}&#8221;][vc_column][vc_row_inner gap=&#8221;15&#8243;][vc_column_inner width=&#8221;1\/2&#8243; css=&#8221;.vc_custom_1575368285077{padding-right: 40px !important;padding-bottom: 40px !important;padding-left: 40px !important;}&#8221;][vc_column_text] A BOZA INTERIORISME convertim la fusta en art. Amb m\u00e9s de 35 anys d&#8217;experi\u00e8ncia en fusteria i ebenisteria, som especialistes a dissenyar i fabricar mobles de fusta a mida, adaptats als espais i necessitats de [&hellip;]<\/p>\n","protected":false},"author":1,"featured_media":0,"parent":0,"menu_order":0,"comment_status":"closed","ping_status":"closed","template":"","meta":{"footnotes":""},"class_list":["post-3819","page","type-page","status-publish","hentry"],"aioseo_notices":[],"_links":{"self":[{"href":"https:\/\/bozainteriorisme.com\/ca\/wp-json\/wp\/v2\/pages\/3819","targetHints":{"allow":["GET"]}}],"collection":[{"href":"https:\/\/bozainteriorisme.com\/ca\/wp-json\/wp\/v2\/pages"}],"about":[{"href":"https:\/\/bozainteriorisme.com\/ca\/wp-json\/wp\/v2\/types\/page"}],"author":[{"embeddable":true,"href":"https:\/\/bozainteriorisme.com\/ca\/wp-json\/wp\/v2\/users\/1"}],"replies":[{"embeddable":true,"href":"https:\/\/bozainteriorisme.com\/ca\/wp-json\/wp\/v2\/comments?post=3819"}],"version-history":[{"count":5,"href":"https:\/\/bozainteriorisme.com\/ca\/wp-json\/wp\/v2\/pages\/3819\/revisions"}],"predecessor-version":[{"id":3824,"href":"https:\/\/bozainteriorisme.com\/ca\/wp-json\/wp\/v2\/pages\/3819\/revisions\/3824"}],"wp:attachment":[{"href":"https:\/\/bozainteriorisme.com\/ca\/wp-json\/wp\/v2\/media?parent=3819"}],"curies":[{"name":"wp","href":"https:\/\/api.w.org\/{rel}","templated":true}]}}