{"id":3825,"date":"2025-04-09T11:29:42","date_gmt":"2025-04-09T09:29:42","guid":{"rendered":"https:\/\/bozainteriorisme.com\/proyectos\/"},"modified":"2025-06-16T16:57:46","modified_gmt":"2025-06-16T14:57:46","slug":"projectes","status":"publish","type":"page","link":"https:\/\/bozainteriorisme.com\/ca\/projectes\/","title":{"rendered":"Projectes"},"content":{"rendered":"<div class=\"wpb-content-wrapper\"><p>[vc_row full_width=&#8221;stretch_row&#8221; css=&#8221;.vc_custom_1573252318079{background-image: url(https:\/\/bozainteriorisme.com\/wp-content\/uploads\/2019\/11\/map_dotes.png?id=931) !important;background-position: center !important;background-repeat: no-repeat !important;background-size: contain !important;}&#8221;][vc_column][vc_row_inner][vc_column_inner width=&#8221;1\/2&#8243; css=&#8221;.vc_custom_1575368285077{padding-right: 40px !important;padding-bottom: 40px !important;padding-left: 40px !important;}&#8221;]<div class='wd_empty_space' data-heightmobile='0' data-heighttablet='0' data-heightdesktop='0'><\/div>  <div class=\"wd-heading s-behind-t text-left \"\r\n       style=\"; \">\r\n\t\t\r\n\t\t\t\r\n      <h2 style=\"font-weight:900;font-size:48px;\" data-text=\"Projectes\">\r\n\t\t\tDescobreix la nostra <span>feina<\/span>      <\/h2>\r\n\r\n\t\t\t\t\t\t        <p style=\"\" class=\"subtitle\">\r\n\t\t\t\tProjectes        <\/p>\r\n\t\t\t\t\t\t\r\n\t\t    <\/div>\r\n\t\t<div class='wd_empty_space' data-heightmobile='5' data-heighttablet='5' data-heightdesktop='5'><\/div>[vc_column_text]<\/p>\n<p style=\"font-size: 16px; text-align: justify;\">La nostra feina es basa en l&#8217;escolta activa del client, el disseny a mida i l&#8217;aplicaci\u00f3 de les t\u00e8cniques m\u00e9s avan\u00e7ades en fusteria. Des de elegants menjadors amb mobiliari d&#8217;autor fins a sofisticats despatxos i espais comercials amb identitat pr\u00f2pia, cada treball \u00e9s una mostra de qualitat i professionalisme.<\/p>\n<p>[\/vc_column_text]\r\n\r\n<div class=\"wd_empty_space\" data-heightmobile=\"20\" data-heighttablet=\"30\" data-heightdesktop=\"50\">\r\n\r\n<\/div>\r\n      \r\n\r\n\r\n\r\n        \r\n      \r\n    [\/vc_column_inner][vc_column_inner width=&#8221;1\/2&#8243;][vc_single_image image=&#8221;3539&#8243; img_size=&#8221;375&#215;375&#8243; alignment=&#8221;center&#8221; el_class=&#8221;screen2&#8243;][\/vc_column_inner][\/vc_row_inner]\r\n\r\n<div class=\"wd_empty_space\" data-heightmobile=\"30\" data-heighttablet=\"40\" data-heightdesktop=\"64\">\r\n\r\n<\/div>\r\n      \r\n\r\n\r\n\r\n        \r\n      \r\n    [\/vc_column][\/vc_row][vc_row][vc_column width=&#8221;1\/3&#8243;][vc_single_image image=&#8221;3574&#8243; img_size=&#8221;full&#8221;][vc_column_text css=&#8221;.vc_custom_1750085829646{padding-top: 15px !important;}&#8221;]<\/p>\n<h5 style=\"text-align: center;\"><span style=\"color: #000000;\"><a style=\"color: #000000;\" href=\"https:\/\/bozainteriorisme.com\/ca\/projectes\/una-llar-en-equilibri\/\"><strong>Una llar en equilibri<\/strong><\/a><\/span><\/h5>\n<p>[\/vc_column_text][\/vc_column][vc_column width=&#8221;1\/3&#8243;][vc_single_image image=&#8221;3587&#8243; img_size=&#8221;full&#8221;][vc_column_text css=&#8221;.vc_custom_1750085848457{padding-top: 15px !important;}&#8221;]<\/p>\n<h5 style=\"text-align: center;\"><a href=\"https:\/\/bozainteriorisme.com\/ca\/projectes\/cuina-adaptada-a-tu\/\"><span style=\"color: #000000;\"><strong>Cuina adaptada a tu<\/strong><\/span><\/a><\/h5>\n<p>[\/vc_column_text][\/vc_column][vc_column width=&#8221;1\/3&#8243;][vc_single_image image=&#8221;3601&#8243; img_size=&#8221;full&#8221;][vc_column_text css=&#8221;.vc_custom_1750085864381{padding-top: 5px !important;}&#8221;]<\/p>\n<h5 style=\"text-align: center;\"><span style=\"color: #000000;\"><a style=\"color: #000000;\" href=\"https:\/\/bozainteriorisme.com\/ca\/projectes\/luxe-funcional-a-la-cuina\/\"><strong>Luxe funcional a la cuina<\/strong><\/a><\/span><\/h5>\n<p>[\/vc_column_text][\/vc_column][\/vc_row][vc_row][vc_column]\r\n\r\n<div class=\"wd_empty_space\" data-heightmobile=\"30\" data-heighttablet=\"40\" data-heightdesktop=\"64\">\r\n\r\n<\/div>\r\n      \r\n\r\n\r\n\r\n        \r\n      \r\n    [\/vc_column][\/vc_row]<\/p>\n<\/div>","protected":false},"excerpt":{"rendered":"<p>[vc_row full_width=&#8221;stretch_row&#8221; css=&#8221;.vc_custom_1573252318079{background-image: url(https:\/\/bozainteriorisme.com\/wp-content\/uploads\/2019\/11\/map_dotes.png?id=931) !important;background-position: center !important;background-repeat: no-repeat !important;background-size: contain !important;}&#8221;][vc_column][vc_row_inner][vc_column_inner width=&#8221;1\/2&#8243; css=&#8221;.vc_custom_1575368285077{padding-right: 40px !important;padding-bottom: 40px !important;padding-left: 40px !important;}&#8221;][vc_column_text] La nostra feina es basa en l&#8217;escolta activa del client, el disseny a mida i l&#8217;aplicaci\u00f3 de les t\u00e8cniques m\u00e9s avan\u00e7ades en fusteria. Des de elegants menjadors amb mobiliari d&#8217;autor fins a sofisticats despatxos i espais [&hellip;]<\/p>\n","protected":false},"author":1,"featured_media":0,"parent":0,"menu_order":0,"comment_status":"closed","ping_status":"closed","template":"","meta":{"footnotes":""},"class_list":["post-3825","page","type-page","status-publish","hentry"],"aioseo_notices":[],"_links":{"self":[{"href":"https:\/\/bozainteriorisme.com\/ca\/wp-json\/wp\/v2\/pages\/3825","targetHints":{"allow":["GET"]}}],"collection":[{"href":"https:\/\/bozainteriorisme.com\/ca\/wp-json\/wp\/v2\/pages"}],"about":[{"href":"https:\/\/bozainteriorisme.com\/ca\/wp-json\/wp\/v2\/types\/page"}],"author":[{"embeddable":true,"href":"https:\/\/bozainteriorisme.com\/ca\/wp-json\/wp\/v2\/users\/1"}],"replies":[{"embeddable":true,"href":"https:\/\/bozainteriorisme.com\/ca\/wp-json\/wp\/v2\/comments?post=3825"}],"version-history":[{"count":4,"href":"https:\/\/bozainteriorisme.com\/ca\/wp-json\/wp\/v2\/pages\/3825\/revisions"}],"predecessor-version":[{"id":3839,"href":"https:\/\/bozainteriorisme.com\/ca\/wp-json\/wp\/v2\/pages\/3825\/revisions\/3839"}],"wp:attachment":[{"href":"https:\/\/bozainteriorisme.com\/ca\/wp-json\/wp\/v2\/media?parent=3825"}],"curies":[{"name":"wp","href":"https:\/\/api.w.org\/{rel}","templated":true}]}}