{"id":3830,"date":"2025-06-10T19:31:31","date_gmt":"2025-06-10T17:31:31","guid":{"rendered":"https:\/\/bozainteriorisme.com\/projectes\/lujo-funcional-en-la-cocina\/"},"modified":"2025-06-16T16:52:30","modified_gmt":"2025-06-16T14:52:30","slug":"luxe-funcional-a-la-cuina","status":"publish","type":"page","link":"https:\/\/bozainteriorisme.com\/ca\/projectes\/luxe-funcional-a-la-cuina\/","title":{"rendered":"Luxe funcional a la cuina"},"content":{"rendered":"<div class=\"wpb-content-wrapper\"><p>[vc_row full_width=&#8221;stretch_row&#8221; css=&#8221;.vc_custom_1573252318079{background-image: url(https:\/\/bozainteriorisme.com\/wp-content\/uploads\/2019\/11\/map_dotes.png?id=931) !important;background-position: center !important;background-repeat: no-repeat !important;background-size: contain !important;}&#8221;][vc_column][vc_row_inner][vc_column_inner width=&#8221;1\/2&#8243; css=&#8221;.vc_custom_1575368285077{padding-right: 40px !important;padding-bottom: 40px !important;padding-left: 40px !important;}&#8221;]<div class='wd_empty_space' data-heightmobile='0' data-heighttablet='0' data-heightdesktop='0'><\/div>  <div class=\"wd-heading t-only text-left \"\r\n       style=\"; \">\r\n\t\t\r\n      <h4 style=\"font-weight:900;font-size:48px;\"\"\r\n      data-text=\"Luxe funcional a la cocina\">\r\n\t\t\tLuxe funcional a la cocina      <\/h4>\r\n\r\n\t\t\t    <\/div>\r\n\t\t<div class='wd_empty_space' data-heightmobile='5' data-heighttablet='5' data-heightdesktop='5'><\/div>[vc_column_text]<\/p>\n<p style=\"text-align: justify;\" data-start=\"1791\" data-end=\"2168\">Un espai d&#8217;alt nivell, pensat per a gaudir i compartir. Aquesta cuina combina marbre natural, una illa central amb gran capacitat de treball i mobiliari exclusiu, tot dissenyat a mida. L&#8217;elecci\u00f3 de materials nobles i resistents, juntament amb un disseny sofisticat, fan d&#8217;aquesta cuina un lloc on la funcionalitat es vesteix de luxe.<\/p>\n<p>Des de la il\u00b7luminaci\u00f3 fins al tirador ocult, cada detall ha estat treballat amb precisi\u00f3 per a oferir una experi\u00e8ncia est\u00e8tica i pr\u00e0ctica superior.<\/p>\n<p>[\/vc_column_text]\r\n\r\n<div class=\"wd_empty_space\" data-heightmobile=\"20\" data-heighttablet=\"30\" data-heightdesktop=\"50\">\r\n\r\n<\/div>\r\n      \r\n\r\n\r\n\r\n        \r\n      \r\n    [\/vc_column_inner][vc_column_inner width=&#8221;1\/2&#8243;][vc_single_image image=&#8221;3601&#8243; img_size=&#8221;full&#8221;][\/vc_column_inner][\/vc_row_inner][\/vc_column][\/vc_row][vc_row][vc_column][vc_single_image image=&#8221;3603&#8243; img_size=&#8221;full&#8221; onclick=&#8221;link_image&#8221;]\r\n\r\n<div class=\"wd_empty_space\" data-heightmobile=\"20\" data-heighttablet=\"30\" data-heightdesktop=\"50\">\r\n\r\n<\/div>\r\n      \r\n\r\n\r\n\r\n        \r\n      \r\n    \r\n  <div\r\n    class=\"wd-btn-wrap text-center \" >\r\n    <a href=\"https:\/\/bozainteriorisme.com\/ca\/projectes\/\" class=\"wd-btn btn-border btn-medium\"\r\n\r\n        style=\"color:#000000;  background-color:#ffffff; border-color:#b4a24f;\"\r\n        onMouseOver=\"this.style.color='#ffffff', this.style.backgroundColor='#b4a24f'\"\r\n        onMouseOut=\"this.style.color='#000000', this.style.backgroundColor='#ffffff'\"\r\n    >\r\n      Descobreix altres projectes    <\/a>\r\n  <\/div>\r\n\r\n  [vc_row_inner][vc_column_inner]\r\n\r\n<div class=\"wd_empty_space\" data-heightmobile=\"20\" data-heighttablet=\"30\" data-heightdesktop=\"50\">\r\n\r\n<\/div>\r\n      \r\n\r\n\r\n\r\n        \r\n      \r\n    [\/vc_column_inner][\/vc_row_inner][\/vc_column][\/vc_row]<\/p>\n<\/div>","protected":false},"excerpt":{"rendered":"<p>[vc_row full_width=&#8221;stretch_row&#8221; css=&#8221;.vc_custom_1573252318079{background-image: url(https:\/\/bozainteriorisme.com\/wp-content\/uploads\/2019\/11\/map_dotes.png?id=931) !important;background-position: center !important;background-repeat: no-repeat !important;background-size: contain !important;}&#8221;][vc_column][vc_row_inner][vc_column_inner width=&#8221;1\/2&#8243; css=&#8221;.vc_custom_1575368285077{padding-right: 40px !important;padding-bottom: 40px !important;padding-left: 40px !important;}&#8221;][vc_column_text] Un espai d&#8217;alt nivell, pensat per a gaudir i compartir. Aquesta cuina combina marbre natural, una illa central amb gran capacitat de treball i mobiliari exclusiu, tot dissenyat a mida. L&#8217;elecci\u00f3 de materials nobles i resistents, [&hellip;]<\/p>\n","protected":false},"author":1,"featured_media":0,"parent":3825,"menu_order":0,"comment_status":"closed","ping_status":"closed","template":"","meta":{"footnotes":""},"class_list":["post-3830","page","type-page","status-publish","hentry"],"aioseo_notices":[],"_links":{"self":[{"href":"https:\/\/bozainteriorisme.com\/ca\/wp-json\/wp\/v2\/pages\/3830","targetHints":{"allow":["GET"]}}],"collection":[{"href":"https:\/\/bozainteriorisme.com\/ca\/wp-json\/wp\/v2\/pages"}],"about":[{"href":"https:\/\/bozainteriorisme.com\/ca\/wp-json\/wp\/v2\/types\/page"}],"author":[{"embeddable":true,"href":"https:\/\/bozainteriorisme.com\/ca\/wp-json\/wp\/v2\/users\/1"}],"replies":[{"embeddable":true,"href":"https:\/\/bozainteriorisme.com\/ca\/wp-json\/wp\/v2\/comments?post=3830"}],"version-history":[{"count":3,"href":"https:\/\/bozainteriorisme.com\/ca\/wp-json\/wp\/v2\/pages\/3830\/revisions"}],"predecessor-version":[{"id":3833,"href":"https:\/\/bozainteriorisme.com\/ca\/wp-json\/wp\/v2\/pages\/3830\/revisions\/3833"}],"up":[{"embeddable":true,"href":"https:\/\/bozainteriorisme.com\/ca\/wp-json\/wp\/v2\/pages\/3825"}],"wp:attachment":[{"href":"https:\/\/bozainteriorisme.com\/ca\/wp-json\/wp\/v2\/media?parent=3830"}],"curies":[{"name":"wp","href":"https:\/\/api.w.org\/{rel}","templated":true}]}}