{"id":3834,"date":"2025-06-10T19:04:16","date_gmt":"2025-06-10T17:04:16","guid":{"rendered":"https:\/\/bozainteriorisme.com\/projectes\/un-hogar-equilibrado\/"},"modified":"2025-06-16T16:54:51","modified_gmt":"2025-06-16T14:54:51","slug":"una-llar-en-equilibri","status":"publish","type":"page","link":"https:\/\/bozainteriorisme.com\/ca\/projectes\/una-llar-en-equilibri\/","title":{"rendered":"Una llar en equilibri"},"content":{"rendered":"<div class=\"wpb-content-wrapper\"><p>[vc_row full_width=&#8221;stretch_row&#8221; css=&#8221;.vc_custom_1573252318079{background-image: url(https:\/\/bozainteriorisme.com\/wp-content\/uploads\/2019\/11\/map_dotes.png?id=931) !important;background-position: center !important;background-repeat: no-repeat !important;background-size: contain !important;}&#8221;][vc_column][vc_row_inner][vc_column_inner width=&#8221;1\/2&#8243; css=&#8221;.vc_custom_1575368285077{padding-right: 40px !important;padding-bottom: 40px !important;padding-left: 40px !important;}&#8221;]<div class='wd_empty_space' data-heightmobile='0' data-heighttablet='0' data-heightdesktop='0'><\/div>  <div class=\"wd-heading t-only text-left \"\r\n       style=\"; \">\r\n\t\t\r\n      <h4 style=\"font-weight:900;font-size:48px;\"\"\r\n      data-text=\"Una llar en equilibri\">\r\n\t\t\tUna llar en equilibri      <\/h4>\r\n\r\n\t\t\t    <\/div>\r\n\t\t<div class='wd_empty_space' data-heightmobile='5' data-heighttablet='5' data-heightdesktop='5'><\/div>[vc_column_text]<\/p>\n<p style=\"text-align: justify;\" data-start=\"385\" data-end=\"751\">Un projecte integral on la fusta marca el ritme de la llar. Dissenyem i instal\u00b7lem portes interiors a mida, escales amb acabats nobles i un bany funcional i elegant, amb mobiliari fet a m\u00e0 adaptat a les dimensions reals de l&#8217;espai. Cada rac\u00f3 ha estat pensat per a aportar calidesa, durabilitat i harmonia est\u00e8tica.<\/p>\n<p>La continu\u00eftat dels materials i l&#8217;atenci\u00f3 al detall transformen aquesta casa en un entorn on la funcionalitat es troba amb la bellesa de l&#8217;artesanal.<\/p>\n<p>[\/vc_column_text]\r\n\r\n<div class=\"wd_empty_space\" data-heightmobile=\"20\" data-heighttablet=\"30\" data-heightdesktop=\"50\">\r\n\r\n<\/div>\r\n      \r\n\r\n\r\n\r\n        \r\n      \r\n    [\/vc_column_inner][vc_column_inner width=&#8221;1\/2&#8243;][vc_single_image image=&#8221;3574&#8243; img_size=&#8221;full&#8221;][\/vc_column_inner][\/vc_row_inner][\/vc_column][\/vc_row][vc_row][vc_column width=&#8221;1\/3&#8243;][vc_single_image image=&#8221;3559&#8243; img_size=&#8221;full&#8221;][\/vc_column][vc_column width=&#8221;1\/3&#8243;][vc_single_image image=&#8221;3560&#8243; img_size=&#8221;full&#8221;][\/vc_column][vc_column width=&#8221;1\/3&#8243;][vc_single_image image=&#8221;3563&#8243; img_size=&#8221;full&#8221;][\/vc_column][\/vc_row][vc_row][vc_column]\r\n\r\n<div class=\"wd_empty_space\" data-heightmobile=\"20\" data-heighttablet=\"30\" data-heightdesktop=\"50\">\r\n\r\n<\/div>\r\n      \r\n\r\n\r\n\r\n        \r\n      \r\n    \r\n  <div\r\n    class=\"wd-btn-wrap text-center \" >\r\n    <a href=\"https:\/\/bozainteriorisme.com\/ca\/projectes\/\" class=\"wd-btn btn-border btn-medium\"\r\n\r\n        style=\"color:#000000;  background-color:#ffffff; border-color:#b4a24f;\"\r\n        onMouseOver=\"this.style.color='#ffffff', this.style.backgroundColor='#b4a24f'\"\r\n        onMouseOut=\"this.style.color='#000000', this.style.backgroundColor='#ffffff'\"\r\n    >\r\n      Descobreix altres projectes    <\/a>\r\n  <\/div>\r\n\r\n  [vc_row_inner][vc_column_inner]\r\n\r\n<div class=\"wd_empty_space\" data-heightmobile=\"20\" data-heighttablet=\"30\" data-heightdesktop=\"50\">\r\n\r\n<\/div>\r\n      \r\n\r\n\r\n\r\n        \r\n      \r\n    [\/vc_column_inner][\/vc_row_inner][\/vc_column][\/vc_row]<\/p>\n<\/div>","protected":false},"excerpt":{"rendered":"<p>[vc_row full_width=&#8221;stretch_row&#8221; css=&#8221;.vc_custom_1573252318079{background-image: url(https:\/\/bozainteriorisme.com\/wp-content\/uploads\/2019\/11\/map_dotes.png?id=931) !important;background-position: center !important;background-repeat: no-repeat !important;background-size: contain !important;}&#8221;][vc_column][vc_row_inner][vc_column_inner width=&#8221;1\/2&#8243; css=&#8221;.vc_custom_1575368285077{padding-right: 40px !important;padding-bottom: 40px !important;padding-left: 40px !important;}&#8221;][vc_column_text] Un projecte integral on la fusta marca el ritme de la llar. Dissenyem i instal\u00b7lem portes interiors a mida, escales amb acabats nobles i un bany funcional i elegant, amb mobiliari fet a m\u00e0 adaptat a [&hellip;]<\/p>\n","protected":false},"author":1,"featured_media":0,"parent":3825,"menu_order":0,"comment_status":"closed","ping_status":"closed","template":"","meta":{"footnotes":""},"class_list":["post-3834","page","type-page","status-publish","hentry"],"aioseo_notices":[],"_links":{"self":[{"href":"https:\/\/bozainteriorisme.com\/ca\/wp-json\/wp\/v2\/pages\/3834","targetHints":{"allow":["GET"]}}],"collection":[{"href":"https:\/\/bozainteriorisme.com\/ca\/wp-json\/wp\/v2\/pages"}],"about":[{"href":"https:\/\/bozainteriorisme.com\/ca\/wp-json\/wp\/v2\/types\/page"}],"author":[{"embeddable":true,"href":"https:\/\/bozainteriorisme.com\/ca\/wp-json\/wp\/v2\/users\/1"}],"replies":[{"embeddable":true,"href":"https:\/\/bozainteriorisme.com\/ca\/wp-json\/wp\/v2\/comments?post=3834"}],"version-history":[{"count":2,"href":"https:\/\/bozainteriorisme.com\/ca\/wp-json\/wp\/v2\/pages\/3834\/revisions"}],"predecessor-version":[{"id":3836,"href":"https:\/\/bozainteriorisme.com\/ca\/wp-json\/wp\/v2\/pages\/3834\/revisions\/3836"}],"up":[{"embeddable":true,"href":"https:\/\/bozainteriorisme.com\/ca\/wp-json\/wp\/v2\/pages\/3825"}],"wp:attachment":[{"href":"https:\/\/bozainteriorisme.com\/ca\/wp-json\/wp\/v2\/media?parent=3834"}],"curies":[{"name":"wp","href":"https:\/\/api.w.org\/{rel}","templated":true}]}}