{"id":3840,"date":"2025-04-09T11:29:17","date_gmt":"2025-04-09T09:29:17","guid":{"rendered":"https:\/\/bozainteriorisme.com\/servicios\/"},"modified":"2025-06-18T08:50:58","modified_gmt":"2025-06-18T06:50:58","slug":"serveis","status":"publish","type":"page","link":"https:\/\/bozainteriorisme.com\/ca\/serveis\/","title":{"rendered":"Serveis"},"content":{"rendered":"<div class=\"wpb-content-wrapper\"><p>[vc_row full_width=&#8221;stretch_row&#8221; css=&#8221;.vc_custom_1573252318079{background-image: url(https:\/\/bozainteriorisme.com\/wp-content\/uploads\/2019\/11\/map_dotes.png?id=931) !important;background-position: center !important;background-repeat: no-repeat !important;background-size: contain !important;}&#8221;][vc_column][vc_row_inner][vc_column_inner width=&#8221;5\/12&#8243; css=&#8221;.vc_custom_1575368285077{padding-right: 40px !important;padding-bottom: 40px !important;padding-left: 40px !important;}&#8221;]\r\n\r\n<div class=\"wd_empty_space\" data-heightmobile=\"20\" data-heighttablet=\"30\" data-heightdesktop=\"50\">\r\n\r\n<\/div>\r\n      \r\n\r\n\r\n\r\n        \r\n      \r\n    <div class='wd_empty_space' data-heightmobile='0' data-heighttablet='0' data-heightdesktop='0'><\/div>  <div class=\"wd-heading s-behind-t text-left \"\r\n       style=\"; \">\r\n\t\t\r\n\t\t\t\r\n      <h2 style=\"font-weight:900;font-size:48px;\" data-text=\"Serveis\">\r\n\t\t\tQualitat i <span>disseny<\/span>      <\/h2>\r\n\r\n\t\t\t\t\t\t        <p style=\"\" class=\"subtitle\">\r\n\t\t\t\tServeis        <\/p>\r\n\t\t\t\t\t\t\r\n\t\t    <\/div>\r\n\t\t<div class='wd_empty_space' data-heightmobile='5' data-heighttablet='5' data-heightdesktop='5'><\/div>\r\n\r\n<div class=\"wd_empty_space\" data-heightmobile=\"20\" data-heighttablet=\"30\" data-heightdesktop=\"50\">\r\n\r\n<\/div>\r\n      \r\n\r\n\r\n\r\n        \r\n      \r\n    [vc_column_text css=&#8221;.vc_custom_1750228410618{padding-bottom: 15px !important;}&#8221;]<\/p>\n<h4 style=\"text-align: justify;\"><strong>Fusteria i ebenisteria a mida: qualitat, disseny i tradici\u00f3<\/strong><\/h4>\n<p>[\/vc_column_text][vc_column_text]<\/p>\n<p style=\"text-align: justify;\">A <strong>BOZA INTERIORISME<\/strong> oferim solucions integrals en fusteria i ebenisteria, abastant des de dissenys cl\u00e0ssics fins als m\u00e9s contemporanis. Hem treballat en la creaci\u00f3 d&#8217;espais exclusius per a llars, oficines, comer\u00e7os i espais gastron\u00f2mics.<\/p>\n<p style=\"text-align: justify;\">En el nostre taller dissenyem, fabriquem i instal\u00b7lem materials de primera qualitat, sempre garantint acabats impecables i funcionals.<\/p>\n<p>[\/vc_column_text]\r\n\r\n<div class=\"wd_empty_space\" data-heightmobile=\"20\" data-heighttablet=\"30\" data-heightdesktop=\"50\">\r\n\r\n<\/div>\r\n      \r\n\r\n\r\n\r\n        \r\n      \r\n    \r\n  <div\r\n    class=\"wd-btn-wrap text-left \" >\r\n    <a href=\"https:\/\/bozainteriorisme.com\/ca\/coneix-nos\/\" class=\"wd-btn btn-solid btn-medium\"\r\n\r\n        style=\"color:#ffffff;  background-color:#b4a24f; \"\r\n        onMouseOver=\"this.style.color='#0a0a0a', this.style.backgroundColor='#f5f5f5'\"\r\n        onMouseOut=\"this.style.color='#ffffff', this.style.backgroundColor='#b4a24f'\"\r\n    >\r\n      Coneix-nos    <\/a>\r\n  <\/div>\r\n\r\n  [\/vc_column_inner][vc_column_inner width=&#8221;1\/12&#8243;][\/vc_column_inner][vc_column_inner el_class=&#8221;screen&#8221; width=&#8221;1\/2&#8243;][vc_single_image image=&#8221;3517&#8243; img_size=&#8221;375&#215;375&#8243; alignment=&#8221;center&#8221; el_class=&#8221;screen2&#8243;][vc_single_image image=&#8221;3518&#8243; img_size=&#8221;560&#215;540&#8243; alignment=&#8221;center&#8221; el_class=&#8221;screen1&#8243;][\/vc_column_inner][\/vc_row_inner][\/vc_column][\/vc_row][vc_row][vc_column]\r\n\r\n<div class=\"wd_empty_space\" data-heightmobile=\"20\" data-heighttablet=\"50\" data-heightdesktop=\"100\">\r\n\r\n<\/div>\r\n      \r\n\r\n\r\n\r\n        \r\n      \r\n    <div class='wd_empty_space' data-heightmobile='' data-heighttablet='' data-heightdesktop=''><\/div>  <div class=\"wd-heading s-behind-t text- \"\r\n       style=\"; \">\r\n\t\t\r\n\t\t\t\r\n      <h2 style=\"\" data-text=\"Profesionalitat\">\r\n\t\t\tDescobreix els nostres <span>serveis<\/span>      <\/h2>\r\n\r\n\t\t\t\t\t\t        <p style=\"\" class=\"subtitle\">\r\n\t\t\t\tProfesionalitat        <\/p>\r\n\t\t\t\t\t\t\r\n\t\t    <\/div>\r\n\t\t<div class='wd_empty_space' data-heightmobile='' data-heighttablet='' data-heightdesktop=''><\/div>\r\n\r\n<div class=\"wd_empty_space\" data-heightmobile=\"15\" data-heighttablet=\"30\" data-heightdesktop=\"60\">\r\n\r\n<\/div>\r\n      \r\n\r\n\r\n\r\n        \r\n      \r\n    [vc_row_inner][vc_column_inner width=&#8221;1\/3&#8243;]\r\n\t\t<div class=\"wd-section-text-icon\">\r\n\t\t\t\t\t\t\t<div class=\"wd-text-icon-rtl  \" >\r\n\t\t\t\t\t<div class=\"box-icon\">\r\n\t\t\t\t\t\t\t\t\t\t\t\t\t\t\t\t\t\t\t\t\t\t\t\t\t\t\t<img decoding=\"async\" src=\"\"\r\n\t\t\t\t\t\t\t     srcset=\"\" alt=\"\"\/>\r\n\t\t\t\t\t\t\t\t\t\t\t<\/div>\r\n\t\t\t\t\t<div class=\"box-description\">\r\n\t\t\t\t\t\t<h3>Mobles a mida<\/h3>\r\n\t\t\t\t\t\t<p>\r\n\t\t\t\t\t\t\tCada llar i negoci t\u00e9 necessitats \u00faniques, per aix\u00f2 dissenyem mobles de fusta a mida totalment personalitzats. Ens adaptem a cada espai i prefer\u00e8ncia.\t\t\t\t\t\t<\/p>\r\n\t\t\t\t\t<\/div>\r\n\t\t\t\t<\/div>\r\n\t\t\t\t\t\t<\/div>\r\n\r\n\r\n\t\t[\/vc_column_inner][vc_column_inner width=&#8221;1\/3&#8243;]\r\n\t\t<div class=\"wd-section-text-icon\">\r\n\t\t\t\t\t\t\t<div class=\"wd-text-icon-rtl  \" >\r\n\t\t\t\t\t<div class=\"box-icon\">\r\n\t\t\t\t\t\t\t\t\t\t\t\t\t\t\t\t\t\t\t\t\t\t\t\t\t\t\t<img decoding=\"async\" src=\"\"\r\n\t\t\t\t\t\t\t     srcset=\"\" alt=\"\"\/>\r\n\t\t\t\t\t\t\t\t\t\t\t<\/div>\r\n\t\t\t\t\t<div class=\"box-description\">\r\n\t\t\t\t\t\t<h3>Armaris i vestidors<\/h3>\r\n\t\t\t\t\t\t<p>\r\n\t\t\t\t\t\t\tSoluci\u00f3 ideal per a optimitzar l\u2019espai sense necessitat de realitzar reformes. Dissenyem cada pe\u00e7a considerant la distribuci\u00f3 de l\u2019espai i les teves necessitats.\t\t\t\t\t\t<\/p>\r\n\t\t\t\t\t<\/div>\r\n\t\t\t\t<\/div>\r\n\t\t\t\t\t\t<\/div>\r\n\r\n\r\n\t\t[\/vc_column_inner][vc_column_inner width=&#8221;1\/3&#8243;]\r\n\t\t<div class=\"wd-section-text-icon\">\r\n\t\t\t\t\t\t\t<div class=\"wd-text-icon-rtl  \" >\r\n\t\t\t\t\t<div class=\"box-icon\">\r\n\t\t\t\t\t\t\t\t\t\t\t\t\t\t\t\t\t\t\t\t\t\t\t\t\t\t\t<img decoding=\"async\" src=\"\"\r\n\t\t\t\t\t\t\t     srcset=\"\" alt=\"\"\/>\r\n\t\t\t\t\t\t\t\t\t\t\t<\/div>\r\n\t\t\t\t\t<div class=\"box-description\">\r\n\t\t\t\t\t\t<h3>Cuines a mida<\/h3>\r\n\t\t\t\t\t\t<p>\r\n\t\t\t\t\t\t\tFabriquem mobiliari de cuina optimitzant l\u2019espai i la distribuci\u00f3, combinant materials resistents a la humitat amb acabats moderns i elegants.\t\t\t\t\t\t<\/p>\r\n\t\t\t\t\t<\/div>\r\n\t\t\t\t<\/div>\r\n\t\t\t\t\t\t<\/div>\r\n\r\n\r\n\t\t[\/vc_column_inner][\/vc_row_inner][vc_row_inner][vc_column_inner width=&#8221;1\/3&#8243;]\r\n\t\t<div class=\"wd-section-text-icon\">\r\n\t\t\t\t\t\t\t<div class=\"wd-text-icon-rtl  \" >\r\n\t\t\t\t\t<div class=\"box-icon\">\r\n\t\t\t\t\t\t\t\t\t\t\t\t\t\t\t\t\t\t\t\t\t\t\t\t\t\t\t<img decoding=\"async\" src=\"\"\r\n\t\t\t\t\t\t\t     srcset=\"\" alt=\"\"\/>\r\n\t\t\t\t\t\t\t\t\t\t\t<\/div>\r\n\t\t\t\t\t<div class=\"box-description\">\r\n\t\t\t\t\t\t<h3>Fusteria exterior<\/h3>\r\n\t\t\t\t\t\t<p>\r\n\t\t\t\t\t\t\tEl teu jard\u00ed o terrassa pot convertir-se en un espai acollidor amb solucions de fusteria exterior a mesura. Creem entorns confortables i funcionals, adaptats a qualsevol estil.\t\t\t\t\t\t<\/p>\r\n\t\t\t\t\t<\/div>\r\n\t\t\t\t<\/div>\r\n\t\t\t\t\t\t<\/div>\r\n\r\n\r\n\t\t[\/vc_column_inner][vc_column_inner width=&#8221;1\/3&#8243;][vc_single_image image=&#8221;3420&#8243; img_size=&#8221;420&#215;355&#8243;][\/vc_column_inner][vc_column_inner width=&#8221;1\/3&#8243;]\r\n\t\t<div class=\"wd-section-text-icon\">\r\n\t\t\t\t\t\t\t<div class=\"wd-text-icon-rtl  \" >\r\n\t\t\t\t\t<div class=\"box-icon\">\r\n\t\t\t\t\t\t\t\t\t\t\t\t\t\t\t\t\t\t\t\t\t\t\t\t\t\t\t<img decoding=\"async\" src=\"\"\r\n\t\t\t\t\t\t\t     srcset=\"\" alt=\"\"\/>\r\n\t\t\t\t\t\t\t\t\t\t\t<\/div>\r\n\t\t\t\t\t<div class=\"box-description\">\r\n\t\t\t\t\t\t<h3>Banys<\/h3>\r\n\t\t\t\t\t\t<p>\r\n\t\t\t\t\t\t\tEl mobiliari de bany a mida permet aprofitar cada cent\u00edmetre disponible sense renunciar a l&#8217;est\u00e8tica. Dissenyem i instal\u00b7lem mobles que combinen emmagatzematge, funcionalitat i estil\t\t\t\t\t\t<\/p>\r\n\t\t\t\t\t<\/div>\r\n\t\t\t\t<\/div>\r\n\t\t\t\t\t\t<\/div>\r\n\r\n\r\n\t\t[\/vc_column_inner][\/vc_row_inner][vc_row_inner][vc_column_inner width=&#8221;1\/3&#8243;]\r\n\t\t<div class=\"wd-section-text-icon\">\r\n\t\t\t\t\t\t\t<div class=\"wd-text-icon-rtl  \" >\r\n\t\t\t\t\t<div class=\"box-icon\">\r\n\t\t\t\t\t\t\t\t\t\t\t\t\t\t\t\t\t\t\t\t\t\t\t\t\t\t\t<img decoding=\"async\" src=\"\"\r\n\t\t\t\t\t\t\t     srcset=\"\" alt=\"\"\/>\r\n\t\t\t\t\t\t\t\t\t\t\t<\/div>\r\n\t\t\t\t\t<div class=\"box-description\">\r\n\t\t\t\t\t\t<h3>Parquet y s\u00f2ls de fusta<\/h3>\r\n\t\t\t\t\t\t<p>\r\n\t\t\t\t\t\t\tDos dels elements m\u00e9s importants en qualsevol espai tant interior com exterior. Parquets i tarimes d&#8217;alta qualitat, assegurant resist\u00e8ncia, durabilitat i f\u00e0cil manteniment. Tot a mida.\t\t\t\t\t\t<\/p>\r\n\t\t\t\t\t<\/div>\r\n\t\t\t\t<\/div>\r\n\t\t\t\t\t\t<\/div>\r\n\r\n\r\n\t\t[\/vc_column_inner][vc_column_inner width=&#8221;1\/3&#8243;]\r\n\t\t<div class=\"wd-section-text-icon\">\r\n\t\t\t\t\t\t\t<div class=\"wd-text-icon-rtl  \" >\r\n\t\t\t\t\t<div class=\"box-icon\">\r\n\t\t\t\t\t\t\t\t\t\t\t\t\t\t\t\t\t\t\t\t\t\t\t\t\t\t\t<img decoding=\"async\" src=\"\"\r\n\t\t\t\t\t\t\t     srcset=\"\" alt=\"\"\/>\r\n\t\t\t\t\t\t\t\t\t\t\t<\/div>\r\n\t\t\t\t\t<div class=\"box-description\">\r\n\t\t\t\t\t\t<h3>Revestiments parets i sostres<\/h3>\r\n\t\t\t\t\t\t<p>\r\n\t\t\t\t\t\t\tEls revestiments de fusta aporten calidesa i personalitat. Instal\u00b7lem solucions decoratives i funcionals per a llars, oficines i comer\u00e7os.\t\t\t\t\t\t<\/p>\r\n\t\t\t\t\t<\/div>\r\n\t\t\t\t<\/div>\r\n\t\t\t\t\t\t<\/div>\r\n\r\n\r\n\t\t[\/vc_column_inner][vc_column_inner width=&#8221;1\/3&#8243;]\r\n\t\t<div class=\"wd-section-text-icon\">\r\n\t\t\t\t\t\t\t<div class=\"wd-text-icon-rtl  \" >\r\n\t\t\t\t\t<div class=\"box-icon\">\r\n\t\t\t\t\t\t\t\t\t\t\t\t\t\t\t\t\t\t\t\t\t\t\t\t\t\t\t<img decoding=\"async\" src=\"\"\r\n\t\t\t\t\t\t\t     srcset=\"\" alt=\"\"\/>\r\n\t\t\t\t\t\t\t\t\t\t\t<\/div>\r\n\t\t\t\t\t<div class=\"box-description\">\r\n\t\t\t\t\t\t<h3>Negocis i comer\u00e7os<\/h3>\r\n\t\t\t\t\t\t<p>\r\n\t\t\t\t\t\t\tEl mobiliari d&#8217;un negoci ha de ser atractiu, funcional i resistent. Optimitzem l&#8217;espai i la comoditat dels clients, dissenyant i instal\u00b7lant mobiliari per a tota mena de locals.\t\t\t\t\t\t<\/p>\r\n\t\t\t\t\t<\/div>\r\n\t\t\t\t<\/div>\r\n\t\t\t\t\t\t<\/div>\r\n\r\n\r\n\t\t[\/vc_column_inner][\/vc_row_inner]\r\n\r\n<div class=\"wd_empty_space\" data-heightmobile=\"20\" data-heighttablet=\"40\" data-heightdesktop=\"80\">\r\n\r\n<\/div>\r\n      \r\n\r\n\r\n\r\n        \r\n      \r\n    [\/vc_column][\/vc_row][vc_row full_width=&#8221;stretch_row_content_no_spaces&#8221;][vc_column][vc_row_inner][vc_column_inner width=&#8221;2\/3&#8243; css=&#8221;.vc_custom_1749552480288{background-image: url(https:\/\/bozainteriorisme.com\/wp-content\/uploads\/2025\/06\/Cocinas-a-medida-deluxe.jpg?id=3523) !important;background-position: center !important;background-repeat: no-repeat !important;background-size: cover !important;}&#8221;]\r\n\r\n<div class=\"wd_empty_space\" data-heightmobile=\"100\" data-heighttablet=\"300\" data-heightdesktop=\"710\">\r\n\r\n<\/div>\r\n      \r\n\r\n\r\n\r\n        \r\n      \r\n    [\/vc_column_inner][vc_column_inner width=&#8221;1\/3&#8243; css=&#8221;.vc_custom_1573128702203{background-image: url(https:\/\/bozainteriorisme.com\/wp-content\/uploads\/2019\/11\/Repeat-Grid-61@2x.jpg?id=827) !important;background-position: center !important;background-repeat: no-repeat !important;background-size: cover !important;}&#8221;]\r\n\r\n<div class=\"wd_empty_space\" data-heightmobile=\"100\" data-heighttablet=\"300\" data-heightdesktop=\"710\">\r\n\r\n<\/div>\r\n      \r\n\r\n\r\n\r\n        \r\n      \r\n    [\/vc_column_inner][\/vc_row_inner][vc_row_inner el_class=&#8221;flying-row&#8221;][vc_column_inner width=&#8221;1\/3&#8243;][\/vc_column_inner][vc_column_inner el_class=&#8221;moved-50per&#8221; width=&#8221;1\/3&#8243; css=&#8221;.vc_custom_1573305626188{background-color: #2e2e2e !important;}&#8221;]<div class='wd_empty_space' data-heightmobile='' data-heighttablet='' data-heightdesktop=''><\/div>  <div class=\"wd-heading t-only text- \"\r\n       style=\"; \">\r\n\t\t\r\n      <h2 style=\"color:#ffffff;\"\"\r\n      data-text=\"Els nostres <span>Projectes<\/span>\">\r\n\t\t\tEls nostres <span>Projectes<\/span>      <\/h2>\r\n\r\n\t\t\t    <\/div>\r\n\t\t<div class='wd_empty_space' data-heightmobile='' data-heighttablet='' data-heightdesktop=''><\/div>[vc_column_text]<\/p>\n<p style=\"text-align: justify;\"><span style=\"color: #ffffff;\">El nostre enfocament es basa en l&#8217;escolta activa del client, el disseny a mida i l&#8217;aplicaci\u00f3 de les t\u00e8cniques m\u00e9s avan\u00e7ades en fusteria. Des de elegants salons amb mobiliari d&#8217;autor fins a sofisticats despatxos i espais comercials amb identitat pr\u00f2pia, cada treball \u00e9s una mostra de qualitat i professionalisme.<\/span><\/p>\n<p>[\/vc_column_text]\r\n\r\n<div class=\"wd_empty_space\" data-heightmobile=\"15\" data-heighttablet=\"30\" data-heightdesktop=\"50\">\r\n\r\n<\/div>\r\n      \r\n\r\n\r\n\r\n        \r\n      \r\n    \r\n  <div\r\n    class=\"wd-btn-wrap text-left \" >\r\n    <a href=\"https:\/\/bozainteriorisme.com\/ca\/projectes\/\" class=\"wd-btn btn-border btn-medium\"\r\n\r\n        style=\"color:#2e2e2e;  background-color:#ffffff; border-color:#ffffff;\"\r\n        onMouseOver=\"this.style.color='#ffffff', this.style.backgroundColor='#2e2e2e'\"\r\n        onMouseOut=\"this.style.color='#2e2e2e', this.style.backgroundColor='#ffffff'\"\r\n    >\r\n      PROJECTES    <\/a>\r\n  <\/div>\r\n\r\n  [\/vc_column_inner][vc_column_inner width=&#8221;1\/3&#8243;][\/vc_column_inner][\/vc_row_inner][\/vc_column][\/vc_row]<\/p>\n<\/div>","protected":false},"excerpt":{"rendered":"<p>[vc_row full_width=&#8221;stretch_row&#8221; css=&#8221;.vc_custom_1573252318079{background-image: url(https:\/\/bozainteriorisme.com\/wp-content\/uploads\/2019\/11\/map_dotes.png?id=931) !important;background-position: center !important;background-repeat: no-repeat !important;background-size: contain !important;}&#8221;][vc_column][vc_row_inner][vc_column_inner width=&#8221;5\/12&#8243; css=&#8221;.vc_custom_1575368285077{padding-right: 40px !important;padding-bottom: 40px !important;padding-left: 40px !important;}&#8221;][vc_column_text css=&#8221;.vc_custom_1750228410618{padding-bottom: 15px !important;}&#8221;] Fusteria i ebenisteria a mida: qualitat, disseny i tradici\u00f3 [\/vc_column_text][vc_column_text] A BOZA INTERIORISME oferim solucions integrals en fusteria i ebenisteria, abastant des de dissenys cl\u00e0ssics fins als m\u00e9s contemporanis. Hem treballat en la [&hellip;]<\/p>\n","protected":false},"author":1,"featured_media":0,"parent":0,"menu_order":0,"comment_status":"closed","ping_status":"closed","template":"","meta":{"footnotes":""},"class_list":["post-3840","page","type-page","status-publish","hentry"],"aioseo_notices":[],"_links":{"self":[{"href":"https:\/\/bozainteriorisme.com\/ca\/wp-json\/wp\/v2\/pages\/3840","targetHints":{"allow":["GET"]}}],"collection":[{"href":"https:\/\/bozainteriorisme.com\/ca\/wp-json\/wp\/v2\/pages"}],"about":[{"href":"https:\/\/bozainteriorisme.com\/ca\/wp-json\/wp\/v2\/types\/page"}],"author":[{"embeddable":true,"href":"https:\/\/bozainteriorisme.com\/ca\/wp-json\/wp\/v2\/users\/1"}],"replies":[{"embeddable":true,"href":"https:\/\/bozainteriorisme.com\/ca\/wp-json\/wp\/v2\/comments?post=3840"}],"version-history":[{"count":6,"href":"https:\/\/bozainteriorisme.com\/ca\/wp-json\/wp\/v2\/pages\/3840\/revisions"}],"predecessor-version":[{"id":3846,"href":"https:\/\/bozainteriorisme.com\/ca\/wp-json\/wp\/v2\/pages\/3840\/revisions\/3846"}],"wp:attachment":[{"href":"https:\/\/bozainteriorisme.com\/ca\/wp-json\/wp\/v2\/media?parent=3840"}],"curies":[{"name":"wp","href":"https:\/\/api.w.org\/{rel}","templated":true}]}}